{"id":24725,"date":"2023-12-06T23:12:18","date_gmt":"2023-12-06T22:12:18","guid":{"rendered":"https:\/\/www.physio-pinzler.de\/osteopathie\/?page_id=24725"},"modified":"2023-12-06T23:16:49","modified_gmt":"2023-12-06T22:16:49","slug":"impressum","status":"publish","type":"page","link":"https:\/\/www.physio-pinzler.de\/osteopathie\/impressum\/","title":{"rendered":"Impressum"},"content":{"rendered":"\n<p><strong>Angaben gem\u00e4\u00df \u00a7 5 TMG<\/strong><\/p>\n\n\n\n<p>Markus Pinzler<br>M\u00fcnsterstra\u00dfe 3<br>44575 Castrop-Rauxel<\/p>\n\n\n\n<p><strong>Vertreten durch:<\/strong> Markus Pinzler<\/p>\n\n\n\n<p><strong>Telefon<\/strong>&nbsp;0 23 24 \/ 68 27 888<br><strong>E-Mail<\/strong>&nbsp;info@osteo-pinzler.de<\/p>\n\n\n\n<h4 class=\"wp-block-heading has-ast-global-color-0-color has-text-color has-link-color wp-elements-29e64b7606173db6d7650ba7215c305d\">Kontakt<\/h4>\n\n\n\n<p>Gerne sind wir jederzeit per Mail an info(at)osteo-pinzler.de erreichbar. <\/p>\n\n\n\n<h4 class=\"wp-block-heading has-ast-global-color-0-color has-text-color has-link-color wp-elements-8fec43d34b167d1d7d323f263f545467\">Aufsichtsbeh\u00f6rde<\/h4>\n\n\n\n<p>Kreisgesundheitsamt Recklinghausen, Hauptstra\u00dfe 92, 58332 Schwelm<\/p>\n\n\n\n<p><strong>Berufsrechtliche Angaben:<\/strong><\/p>\n\n\n\n<p>Die Berufsbezeichnung lautet: Physiotherapeut und Heilpraktiker (Deutschland). Die berufsrechtliche Regelung bildet das Gesetz \u00fcber die berufsm\u00e4\u00dfige Aus\u00fcbung derHeilkunde ohne Bestallung (Heilpraktikergesetz) vom 17.02.1939: https:\/\/www.gesetze-im-internet.de\/heilprg\/BJNR002510939.html<\/p>\n\n\n\n<h4 class=\"wp-block-heading has-ast-global-color-0-color has-text-color has-link-color wp-elements-b005fe79cc0e30f3ae03adf6a9c266f9\">URHEBERRECHTSHINWEIS&nbsp;<\/h4>\n\n\n\n<p>Inhalt, Struktur, Programmierung und Layout dieser Website sind urheberrechtlich gesch\u00fctzt. Jegliche Verbreitung (Vervielf\u00e4ltigung, Ver\u00f6ffentlichung oder Speicherung) von Informationen oder Daten, insbesondere die Verwendung von Texten, Textteilen oder Bildmaterial bedarf der vorherigen schriftlichen Zustimmung der Gesellschaft. Dies gilt insbesondere f\u00fcr alle Texte, Bilder, Graphiken, Logos sowie Videodateien.<\/p>\n\n\n\n<h4 class=\"wp-block-heading has-ast-global-color-0-color has-text-color has-link-color wp-elements-918b68a9dba468b7e22bbe6fe7cdaf25\">HAFTUNGSAUSSCHLUSS&nbsp;<\/h4>\n\n\n\n<p>Wir \u00fcbernehmen keine Haftung oder Garantie f\u00fcr die Aktualit\u00e4t, Richtigkeit und Vollst\u00e4ndigkeit der zur Verf\u00fcgung gestellten Informationen. Wir distanzieren uns ausdr\u00fccklich von den Inhalten verlinkter Seiten. Wir weisen ausdr\u00fccklich darauf hin, dass wir auf die Gestaltung und die Inhalte dieser verlinkten Seiten keinen Einfluss haben, uns diese auch nicht zu Eigen machen und insoweit auch keine Verantwortung \u00fcbernehmen. Wir haften generell weder f\u00fcr direkte noch indirekte Sch\u00e4den, einschlie\u00dflich entgangenen Gewinns, die durch die Nutzung der auf dieser Webseite oder verlinkten Webseiten bereitgestellten Informationen entstehen.<\/p>\n\n\n\n<h4 class=\"wp-block-heading has-ast-global-color-0-color has-text-color has-link-color wp-elements-7a2d7d27c6546795225578f56e2b0a71\">ONLINE-STREITBEILEGUNG&nbsp;<\/h4>\n\n\n\n<p>Die Europ\u00e4ische Kommission stellt unter http:\/\/ec.europa.eu\/consumers\/odr\/ eine Plattform zur au\u00dfergerichtlichen Online-Streitbeilegung (sog. OS-Plattform) bereit.<\/p>\n\n\n\n<h4 class=\"wp-block-heading has-ast-global-color-0-color has-text-color has-link-color wp-elements-43842e354e5923191aeb05eac723c327\">KEINE BEREITSCHAFT ZUR TEILNAHME AN STREITBEILEGUNGSVERFAHREN&nbsp;<\/h4>\n\n\n\n<p>Der Unternehmer ist grunds\u00e4tzlich nicht bereit und verpflichtet, an Streitbeilegungsverfahren vor Verbraucherschlichtungsstellen im Sinne von \u00a7 36 Abs. 1 Verbraucherstreitbeilegungsgesetz (VSBG) teilzunehmen. Davon unber\u00fchrt ist die M\u00f6glichkeit der Streitbeilegung durch eine Verbraucherschlichtungsstelle im Rahmen einer konkreten Streitigkeit bei Zustimmung beider Vertragsparteien (\u00a7 37 VSBG).<\/p>\n","protected":false},"excerpt":{"rendered":"<p>Angaben gem\u00e4\u00df \u00a7 5 TMG Markus PinzlerM\u00fcnsterstra\u00dfe 344575 Castrop-Rauxel Vertreten durch: Markus Pinzler Telefon&nbsp;0 23 24 \/ 68 27 888E-Mail&nbsp;info@osteo-pinzler.de Kontakt Gerne sind wir jederzeit per Mail an info(at)osteo-pinzler.de erreichbar. Aufsichtsbeh\u00f6rde Kreisgesundheitsamt Recklinghausen, Hauptstra\u00dfe 92, 58332 Schwelm Berufsrechtliche Angaben: Die Berufsbezeichnung lautet: Physiotherapeut und Heilpraktiker (Deutschland). Die berufsrechtliche Regelung bildet das Gesetz \u00fcber die berufsm\u00e4\u00dfige [&hellip;]<\/p>\n","protected":false},"author":1,"featured_media":0,"parent":0,"menu_order":0,"comment_status":"closed","ping_status":"closed","template":"","meta":{"site-sidebar-layout":"default","site-content-layout":"","ast-site-content-layout":"default","site-content-style":"default","site-sidebar-style":"default","ast-global-header-display":"","ast-banner-title-visibility":"","ast-main-header-display":"","ast-hfb-above-header-display":"","ast-hfb-below-header-display":"","ast-hfb-mobile-header-display":"","site-post-title":"","ast-breadcrumbs-content":"","ast-featured-img":"","footer-sml-layout":"","theme-transparent-header-meta":"","adv-header-id-meta":"","stick-header-meta":"","header-above-stick-meta":"","header-main-stick-meta":"","header-below-stick-meta":"","astra-migrate-meta-layouts":"set","ast-page-background-enabled":"default","ast-page-background-meta":{"desktop":{"background-color":"","background-image":"","background-repeat":"repeat","background-position":"center center","background-size":"auto","background-attachment":"scroll","background-type":"","background-media":"","overlay-type":"","overlay-color":"","overlay-gradient":""},"tablet":{"background-color":"","background-image":"","background-repeat":"repeat","background-position":"center center","background-size":"auto","background-attachment":"scroll","background-type":"","background-media":"","overlay-type":"","overlay-color":"","overlay-gradient":""},"mobile":{"background-color":"","background-image":"","background-repeat":"repeat","background-position":"center center","background-size":"auto","background-attachment":"scroll","background-type":"","background-media":"","overlay-type":"","overlay-color":"","overlay-gradient":""}},"ast-content-background-meta":{"desktop":{"background-color":"var(--ast-global-color-5)","background-image":"","background-repeat":"repeat","background-position":"center center","background-size":"auto","background-attachment":"scroll","background-type":"","background-media":"","overlay-type":"","overlay-color":"","overlay-gradient":""},"tablet":{"background-color":"var(--ast-global-color-5)","background-image":"","background-repeat":"repeat","background-position":"center center","background-size":"auto","background-attachment":"scroll","background-type":"","background-media":"","overlay-type":"","overlay-color":"","overlay-gradient":""},"mobile":{"background-color":"var(--ast-global-color-5)","background-image":"","background-repeat":"repeat","background-position":"center center","background-size":"auto","background-attachment":"scroll","background-type":"","background-media":"","overlay-type":"","overlay-color":"","overlay-gradient":""}},"footnotes":""},"_links":{"self":[{"href":"https:\/\/www.physio-pinzler.de\/osteopathie\/wp-json\/wp\/v2\/pages\/24725"}],"collection":[{"href":"https:\/\/www.physio-pinzler.de\/osteopathie\/wp-json\/wp\/v2\/pages"}],"about":[{"href":"https:\/\/www.physio-pinzler.de\/osteopathie\/wp-json\/wp\/v2\/types\/page"}],"author":[{"embeddable":true,"href":"https:\/\/www.physio-pinzler.de\/osteopathie\/wp-json\/wp\/v2\/users\/1"}],"replies":[{"embeddable":true,"href":"https:\/\/www.physio-pinzler.de\/osteopathie\/wp-json\/wp\/v2\/comments?post=24725"}],"version-history":[{"count":2,"href":"https:\/\/www.physio-pinzler.de\/osteopathie\/wp-json\/wp\/v2\/pages\/24725\/revisions"}],"predecessor-version":[{"id":24733,"href":"https:\/\/www.physio-pinzler.de\/osteopathie\/wp-json\/wp\/v2\/pages\/24725\/revisions\/24733"}],"wp:attachment":[{"href":"https:\/\/www.physio-pinzler.de\/osteopathie\/wp-json\/wp\/v2\/media?parent=24725"}],"curies":[{"name":"wp","href":"https:\/\/api.w.org\/{rel}","templated":true}]}}